{"id":4655,"date":"2018-06-12T11:22:22","date_gmt":"2018-06-12T09:22:22","guid":{"rendered":"https:\/\/www.bolnicasb.hr\/about-us\/non-medical-services\/"},"modified":"2018-06-12T13:44:38","modified_gmt":"2018-06-12T11:44:38","slug":"non-medical-services","status":"publish","type":"page","link":"https:\/\/www.bolnicasb.hr\/en\/about-us\/non-medical-services\/","title":{"rendered":"Non-medical services"},"content":{"rendered":"<div class=\"wpb-content-wrapper\"><p>[vc_row][vc_column][\/vc_column][\/vc_row][vc_row][vc_column width=&#8221;5\/6&#8243;][vc_column_text css=&#8221;.vc_custom_1528094438079{margin-bottom: 15px !important;}&#8221;]<\/p>\n<h3><span id=\"result_box\" class=\"short_text\" lang=\"en\"><span class=\"\">General, Legal and Personnel Service<\/span><\/span><\/h3>\n<p>Head: Jadranka Rado\u0161evi\u0107, dipl. iur.<\/p>\n<p>tel: 035 201 120<\/p>\n<h4><span id=\"result_box\" class=\"short_text\" lang=\"en\"><span class=\"\">Department for General and Legal Affairs<\/span><\/span><\/h4>\n<p>Head: Karmela Sauerborn \u0106u\u017ei\u0107,dipl.iur.<\/p>\n<p>tel: 035 201 137<\/p>\n<h4><span id=\"result_box\" class=\"short_text\" lang=\"en\"><span class=\"\">Department for HR<\/span><\/span><\/h4>\n<p>Head: Sandra Porubski Jankovi\u0107, spec. admin. publ.<\/p>\n<p>tel: 035 201 123[\/vc_column_text][vc_column_text css=&#8221;.vc_custom_1528094460439{margin-bottom: 15px !important;}&#8221;]<\/p>\n<h3><span id=\"result_box\" class=\"short_text\" lang=\"en\"><span class=\"\">Economic and financial affairs department<\/span><\/span><\/h3>\n<p>Head: mr. sc. Marina Jakupovi\u0107, dipl. oec.<\/p>\n<p>tel: 035 201 102<\/p>\n<h4><span id=\"result_box\" class=\"short_text\" lang=\"en\"><span class=\"\">Department of Accounting and Finance<\/span><\/span><\/h4>\n<p>e-mail: rif@bolnicasb.hr<\/p>\n<p>tel: 035 201 146<\/p>\n<h4><span id=\"result_box\" class=\"short_text\" lang=\"en\"><span class=\"\">Invoicing department<\/span><\/span><\/h4>\n<p>Head: Jadranka Dobrovodski, dipl. ing. el.<\/p>\n<p>tel: 035 201 170<\/p>\n<h4><span id=\"result_box\" class=\"short_text\" lang=\"en\"><span class=\"\">Planning and Analysis Department<\/span><\/span><\/h4>\n<p>Head: dr. sc. Anita Keda\u010di\u0107, dipl. oec.<\/p>\n<p>tel: 035 201 172[\/vc_column_text][vc_column_text css=&#8221;.vc_custom_1528094505517{margin-bottom: 15px !important;}&#8221;]<\/p>\n<h3>Department of technical and service jobs<\/h3>\n<p>Head of Department: Zdravko Jane\u0161, dipl. oec.<\/p>\n<p>tel: 035 201 223<\/p>\n<h4>Department of Technical Affairs and Maintenance<\/h4>\n<p>Head of Department: Marko Filkovi\u0107, dipl. ing. prometa<\/p>\n<p>tel: 035 201 250<\/p>\n<h4>IT Department<\/h4>\n<p>Head of Department: Vlasta \u0160erbed\u017eija, dipl. ing. el.<\/p>\n<p>tel: 035 201 222<\/p>\n<h4>Department for Occupational Safety<\/h4>\n<p>Head of Department: Ru\u017ea Svir\u010devi\u0107, dipl. ing. sigurnosti na radu<\/p>\n<p>e-mail: <a href=\"mailto:znr@bolnicasb.hr\">znr@bolnicasb.hr<\/a>[\/vc_column_text][vc_column_text css=&#8221;.vc_custom_1528094545610{margin-bottom: 15px !important;}&#8221;]<\/p>\n<h3><span id=\"result_box\" class=\"short_text\" lang=\"en\"><span class=\"\">Procurement Department and EU Funds<\/span><\/span><\/h3>\n<p>Head: mr.sc. Lidija Zorko, dipl. oec.<\/p>\n<p>tel: 035 201 107<\/p>\n<h4><span id=\"result_box\" class=\"short_text\" lang=\"en\"><span class=\"\">Procurement Department and EU Funds<\/span><\/span><\/h4>\n<p>tel: 035 201 107<\/p>\n<h4><span id=\"result_box\" class=\"short_text\" lang=\"en\"><span class=\"\">Public Procurement Department<\/span><\/span><\/h4>\n<p>Head: Jelena Lon\u010dar, mag. iur.<br \/>\ntel: 035 201 210[\/vc_column_text][vc_column_text css=&#8221;.vc_custom_1528094572378{margin-bottom: 15px !important;}&#8221;]<\/p>\n<h3><span id=\"result_box\" class=\"short_text\" lang=\"en\"><span class=\"\">Unitary non-medical service and auxiliary unit<\/span><\/span><\/h3>\n<p>Head: Elizabeta Mravak, dipl. med. sestra<\/p>\n<p>tel: 201 &#8211; 111<\/p>\n<h4><span id=\"result_box\" class=\"short_text\" lang=\"en\"><span class=\"\">Department of Diet and Nutrition<\/span><\/span><\/h4>\n<p>Head: mr. sc. Ana Kokanovi\u0107,\u00a0dipl. in\u017e. preh. teh.<\/p>\n<p>e-mail:<\/p>\n<h4><span id=\"result_box\" class=\"short_text\" lang=\"en\"><span class=\"\">Department for cleaning and other auxiliary tasks<\/span><\/span><\/h4>\n<p>Head: Renata Jandri\u0107<\/p>\n<p>tel: 201 &#8211; 301<\/p>\n<h4><span id=\"result_box\" class=\"short_text\" lang=\"en\"><span class=\"\">Washing and laundry department<\/span><\/span><\/h4>\n<p>Head: Ana Petrovi\u0107, med. sestra<\/p>\n<p>tel: 201 &#8211; 303[\/vc_column_text][\/vc_column][vc_column width=&#8221;1\/6&#8243;][\/vc_column][\/vc_row]<\/p>\n<\/div>","protected":false},"excerpt":{"rendered":"[vc_row][vc_column][\/vc_column][\/vc_row][vc_row][vc_column width=&#8221;5\/6&#8243;][vc_column_text css=&#8221;.vc_custom_1528094438079{margin-bottom: 15px !important;}&#8221;] General, Legal and Personnel Service Head: Jadranka Rado\u0161evi\u0107, dipl. iur. tel: 035 201 120 Department for General and Legal Affairs Head: Karmela Sauerborn \u0106u\u017ei\u0107,dipl.iur. tel: 035 201 137 Department for HR Head: Sandra Porubski Jankovi\u0107, spec. admin. publ. tel: 035 201 123[\/vc_column_text][vc_column_text css=&#8221;.vc_custom_1528094460439{margin-bottom: 15px !important;}&#8221;] Economic and financial affairs department&#8230;","protected":false},"author":1,"featured_media":0,"parent":4628,"menu_order":4,"comment_status":"closed","ping_status":"closed","template":"","meta":{"_seopress_robots_primary_cat":"0","_seopress_titles_title":"","_seopress_titles_desc":"","_seopress_robots_index":"","footnotes":""},"class_list":["post-4655","page","type-page","status-publish","hentry"],"_links":{"self":[{"href":"https:\/\/www.bolnicasb.hr\/en\/wp-json\/wp\/v2\/pages\/4655","targetHints":{"allow":["GET"]}}],"collection":[{"href":"https:\/\/www.bolnicasb.hr\/en\/wp-json\/wp\/v2\/pages"}],"about":[{"href":"https:\/\/www.bolnicasb.hr\/en\/wp-json\/wp\/v2\/types\/page"}],"author":[{"embeddable":true,"href":"https:\/\/www.bolnicasb.hr\/en\/wp-json\/wp\/v2\/users\/1"}],"replies":[{"embeddable":true,"href":"https:\/\/www.bolnicasb.hr\/en\/wp-json\/wp\/v2\/comments?post=4655"}],"version-history":[{"count":0,"href":"https:\/\/www.bolnicasb.hr\/en\/wp-json\/wp\/v2\/pages\/4655\/revisions"}],"up":[{"embeddable":true,"href":"https:\/\/www.bolnicasb.hr\/en\/wp-json\/wp\/v2\/pages\/4628"}],"wp:attachment":[{"href":"https:\/\/www.bolnicasb.hr\/en\/wp-json\/wp\/v2\/media?parent=4655"}],"curies":[{"name":"wp","href":"https:\/\/api.w.org\/{rel}","templated":true}]}}