{"id":4691,"date":"2018-06-12T12:58:14","date_gmt":"2018-06-12T10:58:14","guid":{"rendered":"https:\/\/www.bolnicasb.hr\/about-us\/governance-leadership\/"},"modified":"2018-06-12T13:40:05","modified_gmt":"2018-06-12T11:40:05","slug":"governance-leadership","status":"publish","type":"page","link":"https:\/\/www.bolnicasb.hr\/en\/about-us\/governance-leadership\/","title":{"rendered":"Governance &#038; Leadership"},"content":{"rendered":"<div class=\"wpb-content-wrapper\"><p>[vc_row][vc_column][vc_single_image image=&#8221;4126&#8243; img_size=&#8221;full&#8221;][\/vc_column][\/vc_row][vc_row][vc_column width=&#8221;5\/6&#8243;][vc_column_text css=&#8221;.vc_custom_1527521998595{margin-bottom: 15px !important;}&#8221;]<strong>Chairman:<\/strong> prim. Josip Samard\u017ei\u0107, dr. med.<\/p>\n<p><strong>Co-chairman:<\/strong><strong><br \/>\n<\/strong><\/p>\n<p><strong>Head Nurse:<\/strong> Elizabeta Mravak, dipl. med. sestra<strong><br \/>\n<\/strong><\/p>\n<p><strong><span id=\"result_box\" class=\"short_text\" lang=\"en\"><span class=\"\">Assistant Director<\/span><\/span> for Quality: <\/strong>doc.dr.sc. Ivana Paji\u0107 Mati\u0107, dr. med.<strong><br \/>\n<\/strong><\/p>\n<p><strong><span id=\"result_box\" class=\"short_text\" lang=\"en\"><span class=\"\">Assistant Director<\/span><\/span> for Legal Affairs: <\/strong>Jadranka Rado\u0161evi\u0107, dipl. iur.<strong><br \/>\n<\/strong><\/p>\n<p><strong><span id=\"result_box\" class=\"short_text\" lang=\"en\"><span class=\"\">Assistant Director<\/span><\/span> for Finance:<\/strong> mr. sc. Marina Jakupovi\u0107, dipl. oec.<strong><br \/>\n<\/strong><\/p>\n<p><strong><span id=\"result_box\" class=\"short_text\" lang=\"en\"><span class=\"\">Information Officer<\/span><\/span>:<\/strong> Karmela Sauerborn \u010cuzi\u0107, dipl. iur.<\/p>\n<p><strong><span id=\"result_box\" class=\"short_text\" lang=\"en\"><span class=\"\">Coordinator for Rare Diseases<\/span><\/span>:<\/strong> Martin Martinovi\u0107, dr. med.<\/p>\n<p><strong>Chairman Secretary:<\/strong> Brigita Verhas-\u0160arlija[\/vc_column_text][\/vc_column][vc_column width=&#8221;1\/6&#8243;][\/vc_column][\/vc_row]<\/p>\n<\/div>","protected":false},"excerpt":{"rendered":"[vc_row][vc_column][vc_single_image image=&#8221;4126&#8243; img_size=&#8221;full&#8221;][\/vc_column][\/vc_row][vc_row][vc_column width=&#8221;5\/6&#8243;][vc_column_text css=&#8221;.vc_custom_1527521998595{margin-bottom: 15px !important;}&#8221;]Chairman: prim. Josip Samard\u017ei\u0107, dr. med. Co-chairman: Head Nurse: Elizabeta Mravak, dipl. med. sestra Assistant Director for Quality: doc.dr.sc. Ivana Paji\u0107 Mati\u0107, dr. med. Assistant Director for Legal Affairs: Jadranka Rado\u0161evi\u0107, dipl. iur. Assistant Director for Finance: mr. sc. Marina Jakupovi\u0107, dipl. oec. Information Officer: Karmela Sauerborn \u010cuzi\u0107, dipl&#8230;.","protected":false},"author":1,"featured_media":0,"parent":4628,"menu_order":3,"comment_status":"closed","ping_status":"closed","template":"","meta":{"_seopress_robots_primary_cat":"0","_seopress_titles_title":"","_seopress_titles_desc":"","_seopress_robots_index":"","footnotes":""},"class_list":["post-4691","page","type-page","status-publish","hentry"],"_links":{"self":[{"href":"https:\/\/www.bolnicasb.hr\/en\/wp-json\/wp\/v2\/pages\/4691","targetHints":{"allow":["GET"]}}],"collection":[{"href":"https:\/\/www.bolnicasb.hr\/en\/wp-json\/wp\/v2\/pages"}],"about":[{"href":"https:\/\/www.bolnicasb.hr\/en\/wp-json\/wp\/v2\/types\/page"}],"author":[{"embeddable":true,"href":"https:\/\/www.bolnicasb.hr\/en\/wp-json\/wp\/v2\/users\/1"}],"replies":[{"embeddable":true,"href":"https:\/\/www.bolnicasb.hr\/en\/wp-json\/wp\/v2\/comments?post=4691"}],"version-history":[{"count":0,"href":"https:\/\/www.bolnicasb.hr\/en\/wp-json\/wp\/v2\/pages\/4691\/revisions"}],"up":[{"embeddable":true,"href":"https:\/\/www.bolnicasb.hr\/en\/wp-json\/wp\/v2\/pages\/4628"}],"wp:attachment":[{"href":"https:\/\/www.bolnicasb.hr\/en\/wp-json\/wp\/v2\/media?parent=4691"}],"curies":[{"name":"wp","href":"https:\/\/api.w.org\/{rel}","templated":true}]}}